{"id":190,"date":"2022-10-06T13:26:56","date_gmt":"2022-10-06T11:26:56","guid":{"rendered":"http:\/\/birken.kundendemo.com\/?page_id=190"},"modified":"2022-10-06T13:26:56","modified_gmt":"2022-10-06T11:26:56","slug":"aile-hukuk","status":"publish","type":"page","link":"https:\/\/www.anwaltskanzlei-birken.de\/tr\/aile-hukuk\/","title":{"rendered":"Aile Hukuk"},"content":{"rendered":"<h1>Hamburg\u2019daki Aile Hukuk Avukat\u0131<\/h1>\n<p>Hamburg\u2019da bir Aile Hukuku Avukat\u0131 olarak, bir \u00e7ok insan\u0131n \u00f6zel ya\u015fam\u0131n \u00f6n\u00fcndeki engeller oldu\u011funu ve bunun da duygularla do\u011frudan ba\u011flant\u0131l\u0131 oldu\u011funu biliyorum Do\u011fru kararlar\u0131 vermenize yard\u0131mc\u0131 olmak i\u00e7in, ister ayr\u0131l\u0131k durumunda veya bir evlilik s\u00f6zle\u015fmesi yaparken sizin yan\u0131n\u0131zday\u0131m.<\/p>\n<p><strong>A\u015fa\u011f\u0131daki sorular\u0131 birlikte a\u00e7\u0131\u011fa kavu\u015fturabiliriz:<\/strong><\/p>\n<ul>\n<li>Ayr\u0131l\u0131k ve Bo\u015fanma anla\u015fmas\u0131 nedir?<\/li>\n<li>Bo\u015fanma davas\u0131 \u00fccreti ne kadard\u0131r?<\/li>\n<li>Velayet veya g\u00f6r\u00fc\u015fme hakk\u0131 kimde olacak?<\/li>\n<li>Nafakay\u0131 kim \u00f6deyecek \u2013 ve ne kadar?<\/li>\n<li>Ortak M\u00fclk ve Ev e\u015fyalar\u0131na ne olacak?<\/li>\n<li>Emeklilik denkle\u015ftirmesi ve mal payla\u015f\u0131m\u0131 nas\u0131l yap\u0131l\u0131r?<\/li>\n<li>Yurtd\u0131\u015f\u0131nda nas\u0131l bo\u015fan\u0131r\u0131m?<\/li>\n<li>Evlilik S\u00f6zle\u015fmesinde neler yaz\u0131lmas\u0131 gerekiyor?<\/li>\n<\/ul>\n<p><strong>Size sundu\u011fum hukuki hizmetler ile tam anlam\u0131yla y\u00fcklerinizden kurtulabilirsiniz:<\/strong> Sizi sakinlikle bilgilendiririm, gerekli makamlar ile irtibata ge\u00e7erim ve sizi aile hukuku hususlar\u0131nda gerekirse mahkemede temsil ederim. Bir\u00e7ok uyu\u015fmazl\u0131k, do\u011fru hukuki destek ile mahkeme d\u0131\u015f\u0131 da \u00e7\u00f6z\u00fclebilir.<\/p>\n<p>Sadece \u00e7ekinmeyin: Kayg\u0131lar\u0131n\u0131z\u0131 ayr\u0131nt\u0131l\u0131 olarak konu\u015fmak i\u00e7in Hamburg\u2019daki ofisimde beni ziyaret edebilirsiniz. Bu b\u00f6lgede ya\u015fam\u0131yorsan\u0131z, size telefon \u00fczerinden de yard\u0131mc\u0131 olabilirim.<\/p>\n","protected":false},"excerpt":{"rendered":"<p>Hamburg\u2019daki Aile Hukuk Avukat\u0131 Hamburg\u2019da bir Aile Hukuku Avukat\u0131 olarak, bir \u00e7ok insan\u0131n \u00f6zel ya\u015fam\u0131n \u00f6n\u00fcndeki engeller oldu\u011funu ve bunun da duygularla do\u011frudan ba\u011flant\u0131l\u0131 oldu\u011funu biliyorum Do\u011fru kararlar\u0131 vermenize yard\u0131mc\u0131 olmak i\u00e7in, ister ayr\u0131l\u0131k durumunda veya bir evlilik s\u00f6zle\u015fmesi yaparken sizin yan\u0131n\u0131zday\u0131m. A\u015fa\u011f\u0131daki sorular\u0131 birlikte a\u00e7\u0131\u011fa kavu\u015fturabiliriz: Ayr\u0131l\u0131k ve Bo\u015fanma anla\u015fmas\u0131 nedir? Bo\u015fanma davas\u0131 \u00fccreti&#8230;<\/p>\n","protected":false},"author":1,"featured_media":180,"parent":0,"menu_order":0,"comment_status":"closed","ping_status":"closed","template":"","meta":{"footnotes":""},"class_list":["post-190","page","type-page","status-publish","has-post-thumbnail","hentry"],"_links":{"self":[{"href":"https:\/\/www.anwaltskanzlei-birken.de\/tr\/wp-json\/wp\/v2\/pages\/190","targetHints":{"allow":["GET"]}}],"collection":[{"href":"https:\/\/www.anwaltskanzlei-birken.de\/tr\/wp-json\/wp\/v2\/pages"}],"about":[{"href":"https:\/\/www.anwaltskanzlei-birken.de\/tr\/wp-json\/wp\/v2\/types\/page"}],"author":[{"embeddable":true,"href":"https:\/\/www.anwaltskanzlei-birken.de\/tr\/wp-json\/wp\/v2\/users\/1"}],"replies":[{"embeddable":true,"href":"https:\/\/www.anwaltskanzlei-birken.de\/tr\/wp-json\/wp\/v2\/comments?post=190"}],"version-history":[{"count":1,"href":"https:\/\/www.anwaltskanzlei-birken.de\/tr\/wp-json\/wp\/v2\/pages\/190\/revisions"}],"predecessor-version":[{"id":191,"href":"https:\/\/www.anwaltskanzlei-birken.de\/tr\/wp-json\/wp\/v2\/pages\/190\/revisions\/191"}],"wp:featuredmedia":[{"embeddable":true,"href":"https:\/\/www.anwaltskanzlei-birken.de\/tr\/wp-json\/wp\/v2\/media\/180"}],"wp:attachment":[{"href":"https:\/\/www.anwaltskanzlei-birken.de\/tr\/wp-json\/wp\/v2\/media?parent=190"}],"curies":[{"name":"wp","href":"https:\/\/api.w.org\/{rel}","templated":true}]}}