{"id":192,"date":"2022-10-06T13:29:28","date_gmt":"2022-10-06T11:29:28","guid":{"rendered":"http:\/\/birken.kundendemo.com\/?page_id=192"},"modified":"2022-10-07T11:39:09","modified_gmt":"2022-10-07T09:39:09","slug":"miras-hukuku","status":"publish","type":"page","link":"https:\/\/www.anwaltskanzlei-birken.de\/tr\/miras-hukuku\/","title":{"rendered":"Miras Hukuku"},"content":{"rendered":"<h1>Hamburg\u2019da Miras Hukuki Avukat\u0131<\/h1>\n<p>Hamburg\u2019da Miras Hukuku alan\u0131nda \u00e7al\u0131\u015fan bir avukat olarak \u00f6zel konularda sizi bilgilendirip ve temsil etmekteyim \u2013 \u00f6rne\u011fin miras\u00e7\u0131lar, ortak mirascilar, vasiyetname, hasta veya vesayet durumlarda. Mesleki tecr\u00fcbemden dolay\u0131, bu alanda \u00e7ok cabuk vicdan \u00e7at\u0131\u015fmalar\u0131 ve aile kavgalar\u0131 oldu\u011funu biliyorum. Ancak dikkatli bir yasal destekle, bu endi\u015feler \u00f6nlenebilir.<\/p>\n<p><strong>Sizin t\u00fcm \u00f6nemli sorular\u0131n\u0131z\u0131 cevaplayaca\u011f\u0131m, \u00f6rne\u011fin:<\/strong><\/p>\n<ul>\n<li>Vasiyetname veya miras s\u00f6zle\u015fmesi nas\u0131l d\u00fczenlenir?<\/li>\n<li>Yasal miras\u00e7\u0131lar kimdir?<\/li>\n<li>Ne zaman miras\u00e7\u0131 olurum?<\/li>\n<li>Miras\u0131 reddedebilir miyim?<\/li>\n<li>Miras nas\u0131l iptal edebilirim?<\/li>\n<li>Miras vergisinde nelere dikkat etmeliyim?<\/li>\n<li>Sakl\u0131 pay hakk\u0131m var m\u0131?<\/li>\n<li>Genel vekaletname nas\u0131l verebilirim?<\/li>\n<li>Bir hasta veya vasi i\u015flemi nas\u0131l olmal\u0131d\u0131r?<\/li>\n<li>Yasal vesayet ne anlama geliyor?<\/li>\n<\/ul>\n<p><strong>Size sundu\u011fum hukuki hizmetler sizi tamamen rahatlatacakt\u0131r:<\/strong> Size ayr\u0131nt\u0131l\u0131 hukuki dan\u0131\u015fmanl\u0131k verebilir ve sizi miras hukukuna dair taleplerinizin yerine getirilmesi hakk\u0131ndaki yaz\u0131\u015fmalar ile ara\u015ft\u0131rmalar\u0131m ile ilgili ayr\u0131nt\u0131l\u0131 bilgilendirebilirim. B\u00f6ylece g\u00fcnl\u00fck hayat\u0131n\u0131za konsantre olabilirsiniz.<\/p>\n<p>Hamburg ofisimin kap\u0131lar\u0131n\u0131 her zaman bir detayl\u0131 bir hukuki dan\u0131\u015fmanl\u0131k randevusu i\u00e7in size a\u00e7abilirim. E\u011fer yak\u0131nlarda ikamet etmiyorsan\u0131z, gereken hukuki dan\u0131\u015fmanl\u0131\u011f\u0131 telefonda da verebilirim.<\/p>\n","protected":false},"excerpt":{"rendered":"<p>Hamburg\u2019da Miras Hukuki Avukat\u0131 Hamburg\u2019da Miras Hukuku alan\u0131nda \u00e7al\u0131\u015fan bir avukat olarak \u00f6zel konularda sizi bilgilendirip ve temsil etmekteyim \u2013 \u00f6rne\u011fin miras\u00e7\u0131lar, ortak mirascilar, vasiyetname, hasta veya vesayet durumlarda. Mesleki tecr\u00fcbemden dolay\u0131, bu alanda \u00e7ok cabuk vicdan \u00e7at\u0131\u015fmalar\u0131 ve aile kavgalar\u0131 oldu\u011funu biliyorum. Ancak dikkatli bir yasal destekle, bu endi\u015feler \u00f6nlenebilir. Sizin t\u00fcm \u00f6nemli sorular\u0131n\u0131z\u0131&#8230;<\/p>\n","protected":false},"author":2,"featured_media":183,"parent":0,"menu_order":0,"comment_status":"closed","ping_status":"closed","template":"","meta":{"footnotes":""},"class_list":["post-192","page","type-page","status-publish","has-post-thumbnail","hentry"],"_links":{"self":[{"href":"https:\/\/www.anwaltskanzlei-birken.de\/tr\/wp-json\/wp\/v2\/pages\/192","targetHints":{"allow":["GET"]}}],"collection":[{"href":"https:\/\/www.anwaltskanzlei-birken.de\/tr\/wp-json\/wp\/v2\/pages"}],"about":[{"href":"https:\/\/www.anwaltskanzlei-birken.de\/tr\/wp-json\/wp\/v2\/types\/page"}],"author":[{"embeddable":true,"href":"https:\/\/www.anwaltskanzlei-birken.de\/tr\/wp-json\/wp\/v2\/users\/2"}],"replies":[{"embeddable":true,"href":"https:\/\/www.anwaltskanzlei-birken.de\/tr\/wp-json\/wp\/v2\/comments?post=192"}],"version-history":[{"count":2,"href":"https:\/\/www.anwaltskanzlei-birken.de\/tr\/wp-json\/wp\/v2\/pages\/192\/revisions"}],"predecessor-version":[{"id":195,"href":"https:\/\/www.anwaltskanzlei-birken.de\/tr\/wp-json\/wp\/v2\/pages\/192\/revisions\/195"}],"wp:featuredmedia":[{"embeddable":true,"href":"https:\/\/www.anwaltskanzlei-birken.de\/tr\/wp-json\/wp\/v2\/media\/183"}],"wp:attachment":[{"href":"https:\/\/www.anwaltskanzlei-birken.de\/tr\/wp-json\/wp\/v2\/media?parent=192"}],"curies":[{"name":"wp","href":"https:\/\/api.w.org\/{rel}","templated":true}]}}