{"id":196,"date":"2022-10-06T13:32:34","date_gmt":"2022-10-06T11:32:34","guid":{"rendered":"http:\/\/birken.kundendemo.com\/?page_id=196"},"modified":"2022-10-06T13:32:34","modified_gmt":"2022-10-06T11:32:34","slug":"tuerk-hukuku","status":"publish","type":"page","link":"https:\/\/www.anwaltskanzlei-birken.de\/tr\/tuerk-hukuku\/","title":{"rendered":"T\u00fcrk hukuku"},"content":{"rendered":"<h1>Hamburg\u2019daki T\u00fcrk Aile ve Miras Hukuki Avukat\u0131<\/h1>\n<p>Avukat olarak hukuki ve k\u00fclt\u00fcrler aras\u0131 tecr\u00fcbemle sizi T\u00fcrk Aile ve Miras Hukuku konusunda bilgilendirip ve temsil ederim. Benzer yasal sistemler Almanya ve T\u00fcrkiye\u2019de ge\u00e7erli olsa da, bir\u00e7ok yasa ayr\u0131nt\u0131l\u0131 olarak farkl\u0131l\u0131k g\u00f6stermektedir. A\u015fa\u011f\u0131daki sorular\u0131n\u0131zda benim deste\u011fimi alabilirsiniz:<\/p>\n<ul>\n<li>T\u00fcrkiye\u2019de nas\u0131l bo\u015fanabilirim?<\/li>\n<li>Alman bo\u015fanma karar\u0131n\u0131 T\u00fcrkiye\u2019de nas\u0131l tan\u0131tabilirim?<\/li>\n<li>Velayet ve Nafaka haklar\u0131 nas\u0131l d\u00fczenlenmi\u015ftir?<\/li>\n<li>T\u00fcrkiye\u2019de veraset ilam\u0131na nas\u0131l ba\u015fvururum?<\/li>\n<li>Mirasb\u0131rakan T\u00fcrkiye\u2019de bir vasiyetname b\u0131rakt\u0131ysa, ne yapmal\u0131y\u0131m?<\/li>\n<\/ul>\n<p>T\u00fcrk meslekta\u015flar\u0131m ile s\u0131n\u0131rlar\u0131n \u00f6tesinde de sizin i\u00e7in \u00e7al\u0131\u015f\u0131yorum.<\/p>\n<p><strong>Durumunuz hakk\u0131nda benimle g\u00f6r\u00fc\u015febilirsiniz.<\/strong><\/p>\n","protected":false},"excerpt":{"rendered":"<p>Hamburg\u2019daki T\u00fcrk Aile ve Miras Hukuki Avukat\u0131 Avukat olarak hukuki ve k\u00fclt\u00fcrler aras\u0131 tecr\u00fcbemle sizi T\u00fcrk Aile ve Miras Hukuku konusunda bilgilendirip ve temsil ederim. Benzer yasal sistemler Almanya ve T\u00fcrkiye\u2019de ge\u00e7erli olsa da, bir\u00e7ok yasa ayr\u0131nt\u0131l\u0131 olarak farkl\u0131l\u0131k g\u00f6stermektedir. A\u015fa\u011f\u0131daki sorular\u0131n\u0131zda benim deste\u011fimi alabilirsiniz: T\u00fcrkiye\u2019de nas\u0131l bo\u015fanabilirim? Alman bo\u015fanma karar\u0131n\u0131 T\u00fcrkiye\u2019de nas\u0131l tan\u0131tabilirim? Velayet&#8230;<\/p>\n","protected":false},"author":2,"featured_media":180,"parent":0,"menu_order":0,"comment_status":"closed","ping_status":"closed","template":"","meta":{"footnotes":""},"class_list":["post-196","page","type-page","status-publish","has-post-thumbnail","hentry"],"_links":{"self":[{"href":"https:\/\/www.anwaltskanzlei-birken.de\/tr\/wp-json\/wp\/v2\/pages\/196","targetHints":{"allow":["GET"]}}],"collection":[{"href":"https:\/\/www.anwaltskanzlei-birken.de\/tr\/wp-json\/wp\/v2\/pages"}],"about":[{"href":"https:\/\/www.anwaltskanzlei-birken.de\/tr\/wp-json\/wp\/v2\/types\/page"}],"author":[{"embeddable":true,"href":"https:\/\/www.anwaltskanzlei-birken.de\/tr\/wp-json\/wp\/v2\/users\/2"}],"replies":[{"embeddable":true,"href":"https:\/\/www.anwaltskanzlei-birken.de\/tr\/wp-json\/wp\/v2\/comments?post=196"}],"version-history":[{"count":1,"href":"https:\/\/www.anwaltskanzlei-birken.de\/tr\/wp-json\/wp\/v2\/pages\/196\/revisions"}],"predecessor-version":[{"id":200,"href":"https:\/\/www.anwaltskanzlei-birken.de\/tr\/wp-json\/wp\/v2\/pages\/196\/revisions\/200"}],"wp:featuredmedia":[{"embeddable":true,"href":"https:\/\/www.anwaltskanzlei-birken.de\/tr\/wp-json\/wp\/v2\/media\/180"}],"wp:attachment":[{"href":"https:\/\/www.anwaltskanzlei-birken.de\/tr\/wp-json\/wp\/v2\/media?parent=196"}],"curies":[{"name":"wp","href":"https:\/\/api.w.org\/{rel}","templated":true}]}}