{"id":202,"date":"2022-10-06T13:34:00","date_gmt":"2022-10-06T11:34:00","guid":{"rendered":"http:\/\/birken.kundendemo.com\/?page_id=202"},"modified":"2022-10-06T13:34:00","modified_gmt":"2022-10-06T11:34:00","slug":"soezlesme-hukuku","status":"publish","type":"page","link":"https:\/\/www.anwaltskanzlei-birken.de\/tr\/soezlesme-hukuku\/","title":{"rendered":"S\u00f6zle\u015fme Hukuku"},"content":{"rendered":"<h1>Hamburg\u2019da S\u00f6zle\u015fme Hukuku Avukat\u0131n\u0131z<\/h1>\n<p>Hamburg\u2019da Avukat olarak sizi S\u00f6zle\u015fme Hukuku dahil olmak \u00fczere her t\u00fcrl\u00fc hukuki sorular\u0131n\u0131zda temsil ederim &#8211; Ticaret ve \u015eirketler Hukuku alan\u0131nda da. \u00c7\u00fcnk\u00fc mesleki tecr\u00fcbelerim gere\u011fi, ma\u011fdur olan ki\u015filer s\u00f6zle\u015fmeyi imzalamadan \u00f6nce fark etmedi\u011fi bir \u00e7ok s\u00f6zle\u015fme maddelerini tan\u0131r ve sonu\u00e7lar\u0131n\u0131 bilirim. Sonradan ki\u015finin kendi haklar\u0131n\u0131 korumak i\u00e7in ge\u00e7 olabilir.<\/p>\n<p>Yetkinli\u011fim ile net bir s\u00f6zle\u015fmesel zemin yaratabilirsiniz. Bu da ileride do\u011facak uyu\u015fmazl\u0131klar\u0131 ba\u015ftan \u00e7\u00f6zer. B\u00f6ylece zaman ve masraf yo\u011fun bir dava s\u00fcresi riskini en aza indirebilirsiniz.<\/p>\n<p><strong>\u015eirketinizle ilgili veya \u00f6zel sorular\u0131n\u0131z\u0131 cevaplamama izin verin, \u00f6rne\u011fin:<\/strong><\/p>\n<ul>\n<li>S\u00f6zle\u015fmelerim ve Genel \u0130\u015flem \u015eartlar\u0131m yasal olarak g\u00fcvenli mi?<\/li>\n<li>S\u00f6zle\u015fme m\u00fczakereleri s\u0131ras\u0131nda nelere dikkat etmeliyim?<\/li>\n<li>Mahkemede veya mahkeme d\u0131\u015f\u0131nda s\u00f6zle\u015fmesel taleplerimi nas\u0131l uygulamaya koyar\u0131m?<\/li>\n<\/ul>\n<p><strong>Kapsaml\u0131 hukuki hizmetlerim ile kendinizi koruyun:<\/strong> S\u00f6zle\u015fmelerinizi ve Genel \u0130\u015flem \u015eartlar\u0131\u2019n\u0131z\u0131 olas\u0131 tuzaklara kar\u015f\u0131 kontrol eder veya bunlar\u0131 sizin i\u00e7in en ba\u015ftan d\u00fczenleyebilirim. Talebiniz halinde sizin i\u00e7in s\u00f6zle\u015fme g\u00f6r\u00fc\u015fmelerini y\u00fcr\u00fctebilir ve sizin i\u015f ortaklar\u0131n\u0131za kar\u015f\u0131 duru\u015funuzu g\u00fc\u00e7lendirebilirim.<\/p>\n<p>Sizi Hamburg\u2019da ofisime ayr\u0131nt\u0131l\u0131 bir ilk dan\u0131\u015fmanl\u0131k i\u00e7in beklerim. E\u011fer burada ikamet etmiyorsan\u0131z, elbette telefonla da bilgi verebilirim.<\/p>\n","protected":false},"excerpt":{"rendered":"<p>Hamburg\u2019da S\u00f6zle\u015fme Hukuku Avukat\u0131n\u0131z Hamburg\u2019da Avukat olarak sizi S\u00f6zle\u015fme Hukuku dahil olmak \u00fczere her t\u00fcrl\u00fc hukuki sorular\u0131n\u0131zda temsil ederim &#8211; Ticaret ve \u015eirketler Hukuku alan\u0131nda da. \u00c7\u00fcnk\u00fc mesleki tecr\u00fcbelerim gere\u011fi, ma\u011fdur olan ki\u015filer s\u00f6zle\u015fmeyi imzalamadan \u00f6nce fark etmedi\u011fi bir \u00e7ok s\u00f6zle\u015fme maddelerini tan\u0131r ve sonu\u00e7lar\u0131n\u0131 bilirim. Sonradan ki\u015finin kendi haklar\u0131n\u0131 korumak i\u00e7in ge\u00e7 olabilir. Yetkinli\u011fim&#8230;<\/p>\n","protected":false},"author":2,"featured_media":180,"parent":0,"menu_order":0,"comment_status":"closed","ping_status":"closed","template":"","meta":{"footnotes":""},"class_list":["post-202","page","type-page","status-publish","has-post-thumbnail","hentry"],"_links":{"self":[{"href":"https:\/\/www.anwaltskanzlei-birken.de\/tr\/wp-json\/wp\/v2\/pages\/202","targetHints":{"allow":["GET"]}}],"collection":[{"href":"https:\/\/www.anwaltskanzlei-birken.de\/tr\/wp-json\/wp\/v2\/pages"}],"about":[{"href":"https:\/\/www.anwaltskanzlei-birken.de\/tr\/wp-json\/wp\/v2\/types\/page"}],"author":[{"embeddable":true,"href":"https:\/\/www.anwaltskanzlei-birken.de\/tr\/wp-json\/wp\/v2\/users\/2"}],"replies":[{"embeddable":true,"href":"https:\/\/www.anwaltskanzlei-birken.de\/tr\/wp-json\/wp\/v2\/comments?post=202"}],"version-history":[{"count":1,"href":"https:\/\/www.anwaltskanzlei-birken.de\/tr\/wp-json\/wp\/v2\/pages\/202\/revisions"}],"predecessor-version":[{"id":205,"href":"https:\/\/www.anwaltskanzlei-birken.de\/tr\/wp-json\/wp\/v2\/pages\/202\/revisions\/205"}],"wp:featuredmedia":[{"embeddable":true,"href":"https:\/\/www.anwaltskanzlei-birken.de\/tr\/wp-json\/wp\/v2\/media\/180"}],"wp:attachment":[{"href":"https:\/\/www.anwaltskanzlei-birken.de\/tr\/wp-json\/wp\/v2\/media?parent=202"}],"curies":[{"name":"wp","href":"https:\/\/api.w.org\/{rel}","templated":true}]}}