{"id":206,"date":"2022-10-06T13:35:00","date_gmt":"2022-10-06T11:35:00","guid":{"rendered":"http:\/\/birken.kundendemo.com\/?page_id=206"},"modified":"2022-10-06T13:35:00","modified_gmt":"2022-10-06T11:35:00","slug":"icra-takibi","status":"publish","type":"page","link":"https:\/\/www.anwaltskanzlei-birken.de\/tr\/icra-takibi\/","title":{"rendered":"\u0130cra Takibi"},"content":{"rendered":"<h1>Alacak &amp; \u0130cra Takibi<\/h1>\n<p>Avukat\u0131n\u0131z olarak sizin alacaklar\u0131n\u0131z\u0131n cebren icras\u0131nda size memnuniyetle destek vermekteyim. \u00c7\u00fcnk\u00fc her zaman kazan\u0131lm\u0131\u015f bir dava, sizin sorunsuz olarak amac\u0131n\u0131za ula\u015fman\u0131z\u0131 sa\u011flamayabilir.<\/p>\n<p><strong>Bu nedenle, size \u00f6nemli sorular\u0131 bildirmeme ve sizi temsil etmeme izin verin, \u00f6rne\u011fin:<\/strong><\/p>\n<ul>\n<li>Kar\u015f\u0131 taraf borcunu \u00f6demiyor ne yapmam gerek?<\/li>\n<li>\u0130cra tkibi i\u00e7in hangi \u015fartlar\u0131 yerine getirmek zorunday\u0131m?<\/li>\n<li>Bor\u00e7lunun ger\u00e7ek varl\u0131klar\u0131 ne \u00f6l\u00e7\u00fcde haczedilebilir?<\/li>\n<\/ul>\n<p><strong>Hukuki hizmetlerim ile sizi y\u00fcklerinizden kurtarmaktay\u0131m:<\/strong> Taleplerinizi ger\u00e7ekle\u015ftirmek i\u00e7in ara\u015ft\u0131rmadan, icra memurlar\u0131 ile ileti\u015fime kadar her i\u015f ve i\u015flemi \u00fcstlenmekteyim. Yasal ba\u015far\u0131n\u0131zdan ekonomik bir ba\u015far\u0131 da elde etmeniz i\u00e7in her t\u00fcrl\u00fc kanuni imkan\u0131 kullanmaktay\u0131m.<\/p>\n<p>Olas\u0131 \u00f6nlemler aras\u0131nda banka hesaplar\u0131n\u0131n, ta\u015f\u0131nmazlar\u0131n, \u015firket hisselerinin ve gelirlerin haczi bulunmaktad\u0131r. Benim g\u00f6revlendirilmem ile zaman kazan\u0131r ve sinirlerinizi bo\u015funa yormazs\u0131n\u0131z \u2013 siz tekrar kendi yetkinlik alanlar\u0131n\u0131za konsantre olabilirsiniz.<\/p>\n<p>Hamburg\u2019daki ofisimde randevu ayarlayabilirsiniz. Burada sorununuzu sakinlikle konu\u015furuz. E\u011fer bu b\u00f6lgede ya\u015fam\u0131yorsan\u0131z, telefon ile de dan\u0131\u015fmal\u0131k verebilirim.<\/p>\n","protected":false},"excerpt":{"rendered":"<p>Alacak &amp; \u0130cra Takibi Avukat\u0131n\u0131z olarak sizin alacaklar\u0131n\u0131z\u0131n cebren icras\u0131nda size memnuniyetle destek vermekteyim. \u00c7\u00fcnk\u00fc her zaman kazan\u0131lm\u0131\u015f bir dava, sizin sorunsuz olarak amac\u0131n\u0131za ula\u015fman\u0131z\u0131 sa\u011flamayabilir. Bu nedenle, size \u00f6nemli sorular\u0131 bildirmeme ve sizi temsil etmeme izin verin, \u00f6rne\u011fin: Kar\u015f\u0131 taraf borcunu \u00f6demiyor ne yapmam gerek? \u0130cra tkibi i\u00e7in hangi \u015fartlar\u0131 yerine getirmek zorunday\u0131m? Bor\u00e7lunun&#8230;<\/p>\n","protected":false},"author":2,"featured_media":183,"parent":0,"menu_order":0,"comment_status":"closed","ping_status":"closed","template":"","meta":{"footnotes":""},"class_list":["post-206","page","type-page","status-publish","has-post-thumbnail","hentry"],"_links":{"self":[{"href":"https:\/\/www.anwaltskanzlei-birken.de\/tr\/wp-json\/wp\/v2\/pages\/206","targetHints":{"allow":["GET"]}}],"collection":[{"href":"https:\/\/www.anwaltskanzlei-birken.de\/tr\/wp-json\/wp\/v2\/pages"}],"about":[{"href":"https:\/\/www.anwaltskanzlei-birken.de\/tr\/wp-json\/wp\/v2\/types\/page"}],"author":[{"embeddable":true,"href":"https:\/\/www.anwaltskanzlei-birken.de\/tr\/wp-json\/wp\/v2\/users\/2"}],"replies":[{"embeddable":true,"href":"https:\/\/www.anwaltskanzlei-birken.de\/tr\/wp-json\/wp\/v2\/comments?post=206"}],"version-history":[{"count":1,"href":"https:\/\/www.anwaltskanzlei-birken.de\/tr\/wp-json\/wp\/v2\/pages\/206\/revisions"}],"predecessor-version":[{"id":207,"href":"https:\/\/www.anwaltskanzlei-birken.de\/tr\/wp-json\/wp\/v2\/pages\/206\/revisions\/207"}],"wp:featuredmedia":[{"embeddable":true,"href":"https:\/\/www.anwaltskanzlei-birken.de\/tr\/wp-json\/wp\/v2\/media\/183"}],"wp:attachment":[{"href":"https:\/\/www.anwaltskanzlei-birken.de\/tr\/wp-json\/wp\/v2\/media?parent=206"}],"curies":[{"name":"wp","href":"https:\/\/api.w.org\/{rel}","templated":true}]}}