{"id":267,"date":"2022-10-07T11:10:22","date_gmt":"2022-10-07T09:10:22","guid":{"rendered":"http:\/\/birken.kundendemo.com\/?page_id=267"},"modified":"2022-12-12T12:10:37","modified_gmt":"2022-12-12T11:10:37","slug":"anwaltskanzlei-birken","status":"publish","type":"page","link":"https:\/\/www.anwaltskanzlei-birken.de\/tr\/","title":{"rendered":"Avukat Birken"},"content":{"rendered":"<section class=\"l-section wpb_row dm_section height_auto width_full\"><div class=\"l-section-h i-cf\"><div class=\"g-cols vc_row via_grid cols_1 laptops-cols_inherit tablets-cols_inherit mobiles-cols_1 valign_top type_default stacking_default\"><div class=\"wpb_column vc_column_container\"><div class=\"vc_column-inner\"><\/div><\/div><\/div><\/div><\/section>\n<section class=\"l-section wpb_row height_medium\"><div class=\"l-section-h i-cf\"><div class=\"g-cols vc_row via_grid cols_1 laptops-cols_inherit tablets-cols_inherit mobiles-cols_1 valign_top type_default stacking_default\"><div class=\"wpb_column vc_column_container\"><div class=\"vc_column-inner\"><div class=\"g-cols wpb_row hidden_l mobile_start img_border via_grid cols_2 laptops-cols_inherit tablets-cols_inherit mobiles-cols_1 valign_top type_default stacking_default\"><div class=\"wpb_column vc_column_container\"><div class=\"vc_column-inner\"><div class=\"wpb_text_column img_border\"><div class=\"wpb_wrapper\"><div class=\"mobile_header\">\n<blockquote>\n<div class=\"item title\">M\u00fcvekkillerimizin memnuniyeti i\u00e7in g\u00fcven, anlay\u0131\u015f, yetkinlik bizim i\u00e7in \u00f6n planda yer al\u0131r. &#8220;<\/div>\n<\/blockquote>\n<\/div>\n<\/div><\/div><\/div><\/div><div class=\"wpb_column vc_column_container\"><div class=\"vc_column-inner\"><div class=\"w-image align_center\"><div class=\"w-image-h\"><img loading=\"lazy\" decoding=\"async\" width=\"290\" height=\"400\" src=\"https:\/\/www.anwaltskanzlei-birken.de\/tr\/wp-content\/uploads\/portrat_birken.jpg\" class=\"attachment-large size-large\" alt=\"Portrait\" srcset=\"https:\/\/www.anwaltskanzlei-birken.de\/tr\/wp-content\/uploads\/portrat_birken.jpg 290w, https:\/\/www.anwaltskanzlei-birken.de\/tr\/wp-content\/uploads\/portrat_birken-218x300.jpg 218w\" sizes=\"auto, (max-width: 290px) 100vw, 290px\" \/><\/div><\/div><div class=\"wpb_text_column\"><div class=\"wpb_wrapper\"><div class=\"desc tcenter mt-20 mb-20\">Avukat Ye\u015fim Birken<\/div>\n<\/div><\/div><\/div><\/div><\/div><div class=\"wpb_text_column hidden_s\"><div class=\"wpb_wrapper\"><blockquote>\n<h3>M\u00fcvekkillerimizin memnuniyeti i\u00e7in g\u00fcven, anlay\u0131\u015f, yetkinlik bizim i\u00e7in \u00f6n planda yer al\u0131r.&#8221;<\/h3>\n<\/blockquote>\n<div class=\"desc tcenter\">Avukat Ye\u015fim Birken<\/div>\n<\/div><\/div><div class=\"w-separator size_medium with_line width_default thick_1 style_solid color_border align_center with_text with_content\"><div class=\"w-separator-h\"><h6 class=\"w-separator-text\"><span>\u00a7<\/span><\/h6><\/div><\/div><div class=\"w-html\"><h1>Hamburg\u2019daki Avukat\u0131n\u0131z<\/h1><\/div><div class=\"g-cols wpb_row mt-30 via_grid cols_2-1 laptops-cols_inherit tablets-cols_inherit mobiles-cols_1 valign_top type_default stacking_default\"><div class=\"wpb_column vc_column_container\"><div class=\"vc_column-inner\"><div class=\"wpb_text_column\"><div class=\"wpb_wrapper\"><p class=\"bodytext\">M\u00fcvekkiline yard\u0131mc\u0131 olmak isteyen, onu insan olarak tan\u0131mal\u0131d\u0131r: Hamburglu bir avukat olarak bu benim prensibimdir. Bu nedenle, kurumsal ve \u00f6zel her t\u00fcrl\u00fc hukuki sorular\u0131n\u0131zda size g\u00fcven, anlay\u0131\u015f ve yetkinlikle hizmet vermeyi ama\u00e7l\u0131yorum.<\/p>\n<p class=\"bodytext\">Memnuniyetle ofisime bir dan\u0131\u015fma randevusu alarak gelebilirsiniz: Sizi dinlerim, olas\u0131 gidi\u015fat hakk\u0131nda sorular\u0131m\u0131 sorup, size hukuki tavsiyede bulunabilirim. Alman ve T\u00fcrk Hukuku alanlar\u0131nla sizin haklar\u0131n\u0131z\u0131 temsil ederim.<\/p>\n<\/div><\/div><div class=\"wpb_text_column\"><div class=\"wpb_wrapper\"><div class=\"mt-30 theme_btn\"><a title=\"Benim Felsefem\" href=\"\/tr\/felsefe\/\"> daha fazla bilgi <i class=\"fas fa-chevron-right\"><\/i><\/a><\/div>\n<\/div><\/div><\/div><\/div><div class=\"wpb_column vc_column_container\"><div class=\"vc_column-inner\"><div class=\"w-image img_border hidden_s align_none\"><div class=\"w-image-h\"><img loading=\"lazy\" decoding=\"async\" width=\"290\" height=\"400\" src=\"https:\/\/www.anwaltskanzlei-birken.de\/tr\/wp-content\/uploads\/portrat_birken.jpg\" class=\"attachment-large size-large\" alt=\"Portrait\" srcset=\"https:\/\/www.anwaltskanzlei-birken.de\/tr\/wp-content\/uploads\/portrat_birken.jpg 290w, https:\/\/www.anwaltskanzlei-birken.de\/tr\/wp-content\/uploads\/portrat_birken-218x300.jpg 218w\" sizes=\"auto, (max-width: 290px) 100vw, 290px\" \/><\/div><\/div><\/div><\/div><\/div><\/div><\/div><\/div><\/div><\/section><section class=\"l-section wpb_row height_medium color_alternate\"><div class=\"l-section-h i-cf\"><div class=\"g-cols vc_row via_grid cols_1 laptops-cols_inherit tablets-cols_inherit mobiles-cols_1 valign_top type_default stacking_default\"><div class=\"wpb_column vc_column_container\"><div class=\"vc_column-inner\"><div class=\"wpb_text_column\"><div class=\"wpb_wrapper\"><h2>Hukuki Alanlar<\/h2>\n<\/div><\/div><div class=\"g-cols wpb_row via_grid cols_5 laptops-cols_inherit tablets-cols_inherit mobiles-cols_1 valign_top type_default stacking_default\"><div class=\"wpb_column vc_column_container leist_container mt-30 has-link\"><div class=\"vc_column-inner\"><div class=\"wpb_text_column\"><div class=\"wpb_wrapper\"><h3 style=\"text-align: center;\">Aile Hukuku<\/h3>\n<\/div><\/div><div class=\"w-separator size_small with_line width_default thick_1 style_solid color_border align_center with_text with_content\"><div class=\"w-separator-h\"><h6 class=\"w-separator-text\"><span>\u00a7<\/span><\/h6><\/div><\/div><div class=\"wpb_text_column\"><div class=\"wpb_wrapper\"><p style=\"text-align: center;\">Bo\u015fanma veya evlilik s\u00f6zle\u015fmesi yap\u0131lmas\u0131 a\u015famalar\u0131nda sizi bilgilendirir ve mahkeme huzurunda temsil ederim.<\/p>\n<\/div><\/div><\/div><a title=\"Hamburg\u2019daki Aile Hukuk Avukat\u0131\" href=\"\/tr\/hukuki-alanlar\/aile-hukuk\/\" class=\"vc_column-link smooth-scroll\"><\/a><\/div><div class=\"wpb_column vc_column_container leist_container mt-30 has-link\"><div class=\"vc_column-inner\"><div class=\"wpb_text_column\"><div class=\"wpb_wrapper\"><h3 style=\"text-align: center;\">Miras Hukuku<\/h3>\n<\/div><\/div><div class=\"w-separator size_small with_line width_default thick_1 style_solid color_border align_center with_text with_content\"><div class=\"w-separator-h\"><h6 class=\"w-separator-text\"><span>\u00a7<\/span><\/h6><\/div><\/div><div class=\"wpb_text_column\"><div class=\"wpb_wrapper\"><p style=\"text-align: center;\">Miras ve vasiyetname ile ilgili sorular\u0131n\u0131z i\u00e7in size dan\u0131\u015fmanl\u0131k verebilir ve sizi mahkemede temsil ederim.<\/p>\n<\/div><\/div><\/div><a title=\"Hamburg\u2019da Miras Hukuki Avukat\u0131\" href=\"\/tr\/miras-hukuku\/\" class=\"vc_column-link smooth-scroll\"><\/a><\/div><div class=\"wpb_column vc_column_container leist_container mt-30 has-link\"><div class=\"vc_column-inner\"><div class=\"wpb_text_column\"><div class=\"wpb_wrapper\"><h3 style=\"text-align: center;\">T\u00fcrk Hukuku<\/h3>\n<\/div><\/div><div class=\"w-separator size_small with_line width_default thick_1 style_solid color_border align_center with_text with_content\"><div class=\"w-separator-h\"><h6 class=\"w-separator-text\"><span>\u00a7<\/span><\/h6><\/div><\/div><div class=\"wpb_text_column\"><div class=\"wpb_wrapper\"><p style=\"text-align: center;\">T\u00fcrkiyede Aile &#8211; ve Miras ile sorulariniz icin size danismanlik ve Mahkemelerde temsilik sunabilirim.<\/p>\n<\/div><\/div><\/div><a title=\"Hamburg\u2019daki T\u00fcrk Aile ve Miras Hukuki Avukat\u0131\" href=\"\/tr\/tuerk-hukuku\/\" class=\"vc_column-link smooth-scroll\"><\/a><\/div><div class=\"wpb_column vc_column_container leist_container mt-30 has-link\"><div class=\"vc_column-inner\"><div class=\"wpb_text_column\"><div class=\"wpb_wrapper\"><h3 style=\"text-align: center;\">S\u00f6zlesme Hukuku<\/h3>\n<\/div><\/div><div class=\"w-separator size_small with_line width_default thick_1 style_solid color_border align_center with_text with_content\"><div class=\"w-separator-h\"><h6 class=\"w-separator-text\"><span>\u00a7<\/span><\/h6><\/div><\/div><div class=\"wpb_text_column\"><div class=\"wpb_wrapper\"><p style=\"text-align: center;\">S\u00f6zlesmeleriniz ile ilgili sorulariniz icin size Temel S\u00f6zlesme hazirlayabilirim, s\u00f6zlesme g\u00f6r\u00fcslerinizde hukuki yardim verebilirim ayrica mahkemede Sizi temsil edebilirim.<\/p>\n<\/div><\/div><\/div><a title=\"Hamburg\u2019da S\u00f6zle\u015fme Hukuku Avukat\u0131n\u0131z\" href=\"\/tr\/soezlesme-hukuku\/\" class=\"vc_column-link smooth-scroll\"><\/a><\/div><div class=\"wpb_column vc_column_container leist_container mt-30 has-link\"><div class=\"vc_column-inner\"><div class=\"wpb_text_column\"><div class=\"wpb_wrapper\"><h3 style=\"text-align: center;\">Icar Hukuku<\/h3>\n<\/div><\/div><div class=\"w-separator size_small with_line width_default thick_1 style_solid color_border align_center with_text with_content\"><div class=\"w-separator-h\"><h6 class=\"w-separator-text\"><span>\u00a7<\/span><\/h6><\/div><\/div><div class=\"wpb_text_column\"><div class=\"wpb_wrapper\"><p style=\"text-align: center;\">Alacaklarinz ile ilgili sorulariniz icin Size Almanyada ve T\u00fcrkiyede Icra takibinde danismanlik verebilir ve sizi mahkemde temsil edebilirim.<\/p>\n<\/div><\/div><\/div><a title=\"Alacak &amp; \u0130cra Takibi\" href=\"\/tr\/icra-takibi\/\" class=\"vc_column-link smooth-scroll\"><\/a><\/div><\/div><div class=\"w-separator size_medium with_line width_default thick_1 style_solid color_border align_center with_text with_content\"><div class=\"w-separator-h\"><h6 class=\"w-separator-text\"><span>\u00a7<\/span><\/h6><\/div><\/div><\/div><\/div><\/div><\/div><\/section><section class=\"l-section wpb_row height_medium color_primary with_img parallax_fixed\"><div class=\"l-section-img\" style=\"background-image: url(https:\/\/www.anwaltskanzlei-birken.de\/tr\/wp-content\/uploads\/kontakt_bg.jpg);\" data-img-width=\"1200\" data-img-height=\"592\"><\/div><div class=\"l-section-overlay\" style=\"background:rgba(0,0,0,0.60)\"><\/div><div class=\"l-section-h i-cf\"><div class=\"g-cols vc_row via_grid cols_1-2 laptops-cols_inherit tablets-cols_inherit mobiles-cols_1 valign_top type_default stacking_default\"><div class=\"wpb_column vc_column_container\"><div class=\"vc_column-inner\"><div class=\"wpb_text_column\"><div class=\"wpb_wrapper\"><div class=\"adress_container\">\n<p><img decoding=\"async\" class=\"mb-20\" src=\"\/wp-content\/uploads\/logo.png\" alt=\"Logo von Kanzlei Birken\" \/><br \/>\n<strong>\u0130leti\u015fim<\/strong><\/p>\n<p>Birken Hukuk B\u00fcrosu<br \/>\nAvukat Ye\u015fim Birken<\/p>\n<p>Kreuslerstra\u00dfe 10 \/ Ecke M\u00f6nckebergstra\u00dfe 19<br \/>\n20095 Hamburg<\/p>\n<div class=\"contact mt-10\"><a title=\"Mailkontakt zu Anwaltskanzlei Birken - Erbrecht Hamburg - Wirtschaftsrecht Hamburg\" href=\"mailto:info@kanzleibirken.de\"><i class=\"fas fa-envelope\"><\/i> info@kanzleibirken.de<\/a><\/div>\n<div class=\"contact mt-10\"><a title=\"Telefonkontakt zu Anwaltskanzlei Birken - Erbrecht Hamburg - Wirtschaftsrecht Hamburg\" href=\"tel:04076758949\"><i class=\"fas fa-phone\"><\/i> 040 767 589 49<\/a><\/div>\n<\/div>\n<\/div><\/div><\/div><\/div><div class=\"wpb_column vc_column_container\"><div class=\"vc_column-inner\"><\/div><\/div><\/div><\/div><\/section>\n<section class=\"l-section wpb_row height_medium\"><div class=\"l-section-h i-cf\"><div class=\"g-cols vc_row via_grid cols_1 laptops-cols_inherit tablets-cols_inherit mobiles-cols_1 valign_top type_default stacking_default\"><div class=\"wpb_column vc_column_container\"><div class=\"vc_column-inner\"><div class=\"wpb_text_column\"><div class=\"wpb_wrapper\"><\/div><\/div><\/div><\/div><\/div><\/div><\/section>\n","protected":false},"excerpt":{"rendered":"M\u00fcvekkillerimizin memnuniyeti i\u00e7in g\u00fcven, anlay\u0131\u015f, yetkinlik bizim i\u00e7in \u00f6n planda yer al\u0131r. &#8220; Avukat Ye\u015fim Birken M\u00fcvekkillerimizin memnuniyeti i\u00e7in g\u00fcven, anlay\u0131\u015f, yetkinlik bizim i\u00e7in \u00f6n planda yer al\u0131r.&#8221; Avukat Ye\u015fim Birken \u00a7Hamburg\u2019daki Avukat\u0131n\u0131zM\u00fcvekkiline yard\u0131mc\u0131 olmak isteyen, onu insan olarak tan\u0131mal\u0131d\u0131r: Hamburglu bir avukat olarak bu benim prensibimdir. Bu nedenle, kurumsal ve \u00f6zel her t\u00fcrl\u00fc hukuki...","protected":false},"author":1,"featured_media":159,"parent":0,"menu_order":0,"comment_status":"closed","ping_status":"closed","template":"","meta":{"footnotes":""},"class_list":["post-267","page","type-page","status-publish","has-post-thumbnail","hentry"],"_links":{"self":[{"href":"https:\/\/www.anwaltskanzlei-birken.de\/tr\/wp-json\/wp\/v2\/pages\/267","targetHints":{"allow":["GET"]}}],"collection":[{"href":"https:\/\/www.anwaltskanzlei-birken.de\/tr\/wp-json\/wp\/v2\/pages"}],"about":[{"href":"https:\/\/www.anwaltskanzlei-birken.de\/tr\/wp-json\/wp\/v2\/types\/page"}],"author":[{"embeddable":true,"href":"https:\/\/www.anwaltskanzlei-birken.de\/tr\/wp-json\/wp\/v2\/users\/1"}],"replies":[{"embeddable":true,"href":"https:\/\/www.anwaltskanzlei-birken.de\/tr\/wp-json\/wp\/v2\/comments?post=267"}],"version-history":[{"count":15,"href":"https:\/\/www.anwaltskanzlei-birken.de\/tr\/wp-json\/wp\/v2\/pages\/267\/revisions"}],"predecessor-version":[{"id":497,"href":"https:\/\/www.anwaltskanzlei-birken.de\/tr\/wp-json\/wp\/v2\/pages\/267\/revisions\/497"}],"wp:featuredmedia":[{"embeddable":true,"href":"https:\/\/www.anwaltskanzlei-birken.de\/tr\/wp-json\/wp\/v2\/media\/159"}],"wp:attachment":[{"href":"https:\/\/www.anwaltskanzlei-birken.de\/tr\/wp-json\/wp\/v2\/media?parent=267"}],"curies":[{"name":"wp","href":"https:\/\/api.w.org\/{rel}","templated":true}]}}