{"id":274,"date":"2022-10-07T11:20:12","date_gmt":"2022-10-07T09:20:12","guid":{"rendered":"http:\/\/birken.kundendemo.com\/?page_id=274"},"modified":"2023-02-07T11:52:46","modified_gmt":"2023-02-07T10:52:46","slug":"felsefe","status":"publish","type":"page","link":"https:\/\/www.anwaltskanzlei-birken.de\/tr\/felsefe\/","title":{"rendered":"Felsefe"},"content":{"rendered":"<h1>Benim Felsefem<\/h1>\n<p><strong>G\u00fcven<\/strong> olu\u015fturmak \u2013 ba\u015far\u0131l\u0131 bir i\u015fbirli\u011fine a\u00e7\u0131lan kap\u0131d\u0131r. Biliyorum ki, bir \u00e7ok m\u00fcvekkil ki\u015fisel durumlar\u0131n\u0131 a\u00e7\u0131klamak zorunda olduklar\u0131 i\u00e7in bir hukuk b\u00fcrosuna gitmekte zorlanabilmektedir. Sizin \u00e7ekingenliklerinize empati ile yakla\u015fmak benim felsefemdir.<\/p>\n<p>Yasal sorunlara <strong>anlay\u0131\u015f<\/strong> getirmek \u2013 i\u015fimin temel ilkelerinden biridir. T\u00fcrk k\u00f6kenli olmamdan dolay\u0131, farkl\u0131 k\u00f6kenden insanlara sayg\u0131 duymay\u0131 erken \u00f6\u011frendim. M\u00fcvekkillerime bu konuda anlay\u0131\u015fl\u0131 davran\u0131r\u0131m.<\/p>\n<p>Yetkinlik yasal \u00e7\u00f6z\u00fcmlerin anahtar\u0131d\u0131r \u2013 bazen mahkeme d\u0131\u015f\u0131nda da bu b\u00f6yledir. Bir avukat olarak \u00e7e\u015fitli alanlarda uzun senelerde kazand\u0131\u011f\u0131m tecr\u00fcbelerim var.<\/p>\n<p><strong>Sizin i\u00e7in ne yapabilirim? Sizin hak ve menfaatlerinizi temsil edebilirim.<\/strong><\/p>\n","protected":false},"excerpt":{"rendered":"<p>Benim Felsefem G\u00fcven olu\u015fturmak \u2013 ba\u015far\u0131l\u0131 bir i\u015fbirli\u011fine a\u00e7\u0131lan kap\u0131d\u0131r. Biliyorum ki, bir \u00e7ok m\u00fcvekkil ki\u015fisel durumlar\u0131n\u0131 a\u00e7\u0131klamak zorunda olduklar\u0131 i\u00e7in bir hukuk b\u00fcrosuna gitmekte zorlanabilmektedir. Sizin \u00e7ekingenliklerinize empati ile yakla\u015fmak benim felsefemdir. Yasal sorunlara anlay\u0131\u015f getirmek \u2013 i\u015fimin temel ilkelerinden biridir. T\u00fcrk k\u00f6kenli olmamdan dolay\u0131, farkl\u0131 k\u00f6kenden insanlara sayg\u0131 duymay\u0131 erken \u00f6\u011frendim. M\u00fcvekkillerime bu&#8230;<\/p>\n","protected":false},"author":1,"featured_media":166,"parent":0,"menu_order":0,"comment_status":"closed","ping_status":"closed","template":"","meta":{"footnotes":""},"class_list":["post-274","page","type-page","status-publish","has-post-thumbnail","hentry"],"_links":{"self":[{"href":"https:\/\/www.anwaltskanzlei-birken.de\/tr\/wp-json\/wp\/v2\/pages\/274","targetHints":{"allow":["GET"]}}],"collection":[{"href":"https:\/\/www.anwaltskanzlei-birken.de\/tr\/wp-json\/wp\/v2\/pages"}],"about":[{"href":"https:\/\/www.anwaltskanzlei-birken.de\/tr\/wp-json\/wp\/v2\/types\/page"}],"author":[{"embeddable":true,"href":"https:\/\/www.anwaltskanzlei-birken.de\/tr\/wp-json\/wp\/v2\/users\/1"}],"replies":[{"embeddable":true,"href":"https:\/\/www.anwaltskanzlei-birken.de\/tr\/wp-json\/wp\/v2\/comments?post=274"}],"version-history":[{"count":3,"href":"https:\/\/www.anwaltskanzlei-birken.de\/tr\/wp-json\/wp\/v2\/pages\/274\/revisions"}],"predecessor-version":[{"id":277,"href":"https:\/\/www.anwaltskanzlei-birken.de\/tr\/wp-json\/wp\/v2\/pages\/274\/revisions\/277"}],"wp:featuredmedia":[{"embeddable":true,"href":"https:\/\/www.anwaltskanzlei-birken.de\/tr\/wp-json\/wp\/v2\/media\/166"}],"wp:attachment":[{"href":"https:\/\/www.anwaltskanzlei-birken.de\/tr\/wp-json\/wp\/v2\/media?parent=274"}],"curies":[{"name":"wp","href":"https:\/\/api.w.org\/{rel}","templated":true}]}}